{"id":5784,"date":"2017-06-28T14:50:53","date_gmt":"2017-06-28T12:50:53","guid":{"rendered":"http:\/\/x01_415.lux01.de\/_ntg\/aetzvorrichtungen\/"},"modified":"2017-06-28T14:50:53","modified_gmt":"2017-06-28T12:50:53","slug":"aetzvorrichtungen","status":"publish","type":"page","link":"https:\/\/www.ntg.de\/en\/leistungen\/sondermaschinenbau\/aetzvorrichtungen\/","title":{"rendered":"\u00c4tzvorrichtungen"},"content":{"rendered":"<p>[et_pb_section bb_built=&#8221;1&#8243; admin_label=&#8221;Sektion&#8221; fullwidth=&#8221;on&#8221; specialty=&#8221;off&#8221; _builder_version=&#8221;3.0.51&#8243; custom_padding=&#8221;||0px|&#8221; global_module=&#8221;3540&#8243;][et_pb_fullwidth_image admin_label=&#8221;Volle Breite des Bildes&#8221; global_parent=&#8221;3540&#8243; _builder_version=&#8221;3.0.51&#8243; src=&#8221;https:\/\/www.ntg.de\/wp-content\/uploads\/2017\/06\/NTG-IH-Beschleuniger7.jpg&#8221; show_in_lightbox=&#8221;off&#8221; url_new_window=&#8221;off&#8221; use_overlay=&#8221;off&#8221; border_style=&#8221;solid&#8221; animation=&#8221;fade_in&#8221; \/][\/et_pb_section][et_pb_section bb_built=&#8221;1&#8243; admin_label=&#8221;Sektion&#8221; fullwidth=&#8221;off&#8221; specialty=&#8221;on&#8221; _builder_version=&#8221;3.0.51&#8243; background_position_1=&#8221;top_left&#8221; background_repeat_1=&#8221;no-repeat&#8221; background_position_2=&#8221;top_left&#8221; background_repeat_2=&#8221;no-repeat&#8221; custom_padding=&#8221;0px|||&#8221;][et_pb_column type=&#8221;3_4&#8243; specialty_columns=&#8221;3&#8243;][et_pb_row_inner admin_label=&#8221;Zeile&#8221; background_position=&#8221;top_left&#8221; background_repeat=&#8221;repeat&#8221; background_size=&#8221;initial&#8221; _builder_version=&#8221;3.0.51&#8243; background_position_1=&#8221;top_left&#8221; background_repeat_1=&#8221;no-repeat&#8221; custom_padding=&#8221;||0px|&#8221;][et_pb_column_inner type=&#8221;4_4&#8243; saved_specialty_column_type=&#8221;3_4&#8243;][et_pb_sidebar admin_label=&#8221;breadcrumb&#8221; _builder_version=&#8221;3.0.51&#8243; area=&#8221;et_pb_widget_area_3&#8243; orientation=&#8221;left&#8221; background_layout=&#8221;light&#8221; remove_border=&#8221;on&#8221; header_font_size=&#8221;11&#8243; body_font_size=&#8221;11&#8243; saved_tabs=&#8221;all&#8221; global_module=&#8221;3505&#8243; \/][et_pb_text admin_label=&#8221;Text&#8221; _builder_version=&#8221;3.0.51&#8243; background_layout=&#8221;light&#8221; text_orientation=&#8221;left&#8221; border_style=&#8221;solid&#8221; custom_padding=&#8221;||0px|&#8221;]<\/p>\n<h1>\u00c4tzvorrichtungen<\/h1>\n<p>Bei dieser Vorrichtung handelt es sich um ein Hilfsmittel mit dem Werkst\u00fccke in ein \u00c4tzbad eingelassen werden k\u00f6nnen.<\/p>\n<p>Die Werkst\u00fccke werden durch die \u00c4tzvorrichtung permanent in Rotation versetzt.<\/p>\n<p>Das Gestell ist so beschichtet bzw. aufgebaut, dass es weitgehend resistent gegen das \u00c4tzmedium ist.<\/p>\n<p>[\/et_pb_text][\/et_pb_column_inner][\/et_pb_row_inner][et_pb_row_inner admin_label=&#8221;Zeile&#8221; _builder_version=&#8221;3.0.51&#8243; background_position_1=&#8221;top_left&#8221; background_repeat_1=&#8221;no-repeat&#8221; background_position_2=&#8221;top_left&#8221; background_repeat_2=&#8221;no-repeat&#8221; custom_padding=&#8221;50px|||&#8221;][et_pb_column_inner type=&#8221;1_2&#8243; saved_specialty_column_type=&#8221;3_4&#8243;][et_pb_image admin_label=&#8221;Bild&#8221; _builder_version=&#8221;3.0.51&#8243; src=&#8221;https:\/\/www.ntg.de\/wp-content\/uploads\/2017\/06\/aetzvorrichtung_1.jpg&#8221; show_in_lightbox=&#8221;off&#8221; url_new_window=&#8221;off&#8221; use_overlay=&#8221;off&#8221; sticky=&#8221;off&#8221; align=&#8221;left&#8221; always_center_on_mobile=&#8221;on&#8221; border_style=&#8221;solid&#8221; force_fullwidth=&#8221;off&#8221; animation=&#8221;fade_in&#8221; \/][\/et_pb_column_inner][et_pb_column_inner type=&#8221;1_2&#8243; saved_specialty_column_type=&#8221;3_4&#8243;][et_pb_image admin_label=&#8221;Bild&#8221; _builder_version=&#8221;3.0.51&#8243; src=&#8221;https:\/\/www.ntg.de\/wp-content\/uploads\/2017\/06\/aetzvorrichtung_2.jpg&#8221; show_in_lightbox=&#8221;off&#8221; url_new_window=&#8221;off&#8221; use_overlay=&#8221;off&#8221; sticky=&#8221;off&#8221; align=&#8221;left&#8221; always_center_on_mobile=&#8221;on&#8221; border_style=&#8221;solid&#8221; force_fullwidth=&#8221;off&#8221; animation=&#8221;fade_in&#8221; \/][\/et_pb_column_inner][\/et_pb_row_inner][\/et_pb_column][et_pb_column type=&#8221;1_4&#8243;][et_pb_sidebar admin_label=&#8221;Seitenleiste submenue 2017-06-023&#8243; _builder_version=&#8221;3.0.51&#8243; area=&#8221;et_pb_widget_area_1&#8243; orientation=&#8221;right&#8221; background_layout=&#8221;light&#8221; header_font_size=&#8221;19&#8243; module_class=&#8221;firma&#8221; header_font=&#8221;|on|||&#8221; saved_tabs=&#8221;all&#8221; global_module=&#8221;3449&#8243; \/][\/et_pb_column][\/et_pb_section]<\/p>\n<div class=\"shariff shariff-align-center shariff-widget-align-center\" style=\"display:none\"><ul class=\"shariff-buttons theme-white orientation-horizontal buttonsize-medium\"><li class=\"shariff-button facebook shariff-nocustomcolor\" style=\"background-color:#4273c8\"><a href=\"https:\/\/www.facebook.com\/sharer\/sharer.php?u=https%3A%2F%2Fwww.ntg.de%2Fen%2Fleistungen%2Fsondermaschinenbau%2Faetzvorrichtungen%2F\" title=\"Share on Facebook\" aria-label=\"Share on Facebook\" role=\"button\" rel=\"noreferrernoopener nofollow\" class=\"shariff-link\" style=\"; background-color:#3b5998; color:#3b5998\" target=\"_blank\"><span class=\"shariff-icon\" style=\"fill:#3b5998\"><svg width=\"32px\" height=\"20px\" xmlns=\"http:\/\/www.w3.org\/2000\/svg\" viewBox=\"0 0 18 32\"><path fill=\"#3b5998\" d=\"M17.1 0.2v4.7h-2.8q-1.5 0-2.1 0.6t-0.5 1.9v3.4h5.2l-0.7 5.3h-4.5v13.6h-5.5v-13.6h-4.5v-5.3h4.5v-3.9q0-3.3 1.9-5.2t5-1.8q2.6 0 4.1 0.2z\"\/><\/svg><\/span><span class=\"shariff-text\" style=\"color:#3b5998\">share<\/span>&nbsp;<\/a><\/li><li class=\"shariff-button twitter shariff-nocustomcolor\" style=\"background-color:#1e3050\"><a href=\"https:\/\/twitter.com\/share?url=https%3A%2F%2Fwww.ntg.de%2Fen%2Fleistungen%2Fsondermaschinenbau%2Faetzvorrichtungen%2F&text=%C3%84tzvorrichtungen\" title=\"Share on X (Twitter)\" aria-label=\"Share on X (Twitter)\" role=\"button\" rel=\"noreferrernoopener nofollow\" class=\"shariff-link\" style=\"; background-color:#000000; color:#000000\" target=\"_blank\"><span class=\"shariff-icon\" style=\"fill:#000000\"><svg xmlns=\"http:\/\/www.w3.org\/2000\/svg\" height=\"1em\" viewBox=\"0 0 512 512\"><!--! Font Awesome Free 6.4.2 by @fontawesome - https:\/\/fontawesome.com License - https:\/\/fontawesome.com\/license (Commercial License) Copyright 2023 Fonticons, Inc. --><style>svg{fill:#ffffff}<\/style><path d=\"M389.2 48h70.6L305.6 224.2 487 464H345L233.7 318.6 106.5 464H35.8L200.7 275.5 26.8 48H172.4L272.9 180.9 389.2 48zM364.4 421.8h39.1L151.1 88h-42L364.4 421.8z\"\/><\/svg><\/span><span class=\"shariff-text\" style=\"color:#000000\">tweet<\/span>&nbsp;<\/a><\/li><li class=\"shariff-button linkedin shariff-nocustomcolor\" style=\"background-color:#1488bf\"><a href=\"https:\/\/www.linkedin.com\/sharing\/share-offsite\/?url=https%3A%2F%2Fwww.ntg.de%2Fen%2Fleistungen%2Fsondermaschinenbau%2Faetzvorrichtungen%2F\" title=\"Share on LinkedIn\" aria-label=\"Share on LinkedIn\" role=\"button\" rel=\"noreferrernoopener nofollow\" class=\"shariff-link\" style=\"; background-color:#0077b5; color:#0077b5\" target=\"_blank\"><span class=\"shariff-icon\" style=\"fill:#0077b5\"><svg width=\"32px\" height=\"20px\" xmlns=\"http:\/\/www.w3.org\/2000\/svg\" viewBox=\"0 0 27 32\"><path fill=\"#0077b5\" d=\"M6.2 11.2v17.7h-5.9v-17.7h5.9zM6.6 5.7q0 1.3-0.9 2.2t-2.4 0.9h0q-1.5 0-2.4-0.9t-0.9-2.2 0.9-2.2 2.4-0.9 2.4 0.9 0.9 2.2zM27.4 18.7v10.1h-5.9v-9.5q0-1.9-0.7-2.9t-2.3-1.1q-1.1 0-1.9 0.6t-1.2 1.5q-0.2 0.5-0.2 1.4v9.9h-5.9q0-7.1 0-11.6t0-5.3l0-0.9h5.9v2.6h0q0.4-0.6 0.7-1t1-0.9 1.6-0.8 2-0.3q3 0 4.9 2t1.9 6z\"\/><\/svg><\/span><span class=\"shariff-text\" style=\"color:#0077b5\">share<\/span>&nbsp;<\/a><\/li><\/ul><\/div>","protected":false},"excerpt":{"rendered":"<p>\u00c4tzvorrichtungen Bei dieser Vorrichtung handelt es sich um ein Hilfsmittel mit dem Werkst\u00fccke in ein \u00c4tzbad eingelassen werden k\u00f6nnen. Die Werkst\u00fccke werden durch die \u00c4tzvorrichtung permanent in Rotation versetzt. Das Gestell ist so beschichtet bzw. aufgebaut, dass es weitgehend resistent gegen das \u00c4tzmedium ist.<\/p>\n","protected":false},"author":1,"featured_media":0,"parent":5794,"menu_order":10,"comment_status":"closed","ping_status":"closed","template":"","meta":{"_et_pb_use_builder":"on","_et_pb_old_content":"","_et_gb_content_width":"","footnotes":""},"class_list":["post-5784","page","type-page","status-publish","hentry"],"_links":{"self":[{"href":"https:\/\/www.ntg.de\/en\/wp-json\/wp\/v2\/pages\/5784","targetHints":{"allow":["GET"]}}],"collection":[{"href":"https:\/\/www.ntg.de\/en\/wp-json\/wp\/v2\/pages"}],"about":[{"href":"https:\/\/www.ntg.de\/en\/wp-json\/wp\/v2\/types\/page"}],"author":[{"embeddable":true,"href":"https:\/\/www.ntg.de\/en\/wp-json\/wp\/v2\/users\/1"}],"replies":[{"embeddable":true,"href":"https:\/\/www.ntg.de\/en\/wp-json\/wp\/v2\/comments?post=5784"}],"version-history":[{"count":0,"href":"https:\/\/www.ntg.de\/en\/wp-json\/wp\/v2\/pages\/5784\/revisions"}],"up":[{"embeddable":true,"href":"https:\/\/www.ntg.de\/en\/wp-json\/wp\/v2\/pages\/5794"}],"wp:attachment":[{"href":"https:\/\/www.ntg.de\/en\/wp-json\/wp\/v2\/media?parent=5784"}],"curies":[{"name":"wp","href":"https:\/\/api.w.org\/{rel}","templated":true}]}}